{"id":4359,"date":"2023-01-24T20:55:08","date_gmt":"2023-01-24T20:55:08","guid":{"rendered":"http:\/\/anexcellentchoice.nl\/welkom\/?page_id=4359"},"modified":"2023-01-29T20:04:57","modified_gmt":"2023-01-29T20:04:57","slug":"hartafwijkingen","status":"publish","type":"page","link":"https:\/\/anexcellentchoice.nl\/welkom\/hartafwijkingen\/","title":{"rendered":"Hartafwijkingen"},"content":{"rendered":"<div class=\"art-postcontent clearfix\">\n<p>Erkende fokkers dienen zich automatisch te houden aan de uitvoeringregels van de Raad van Beheer, wat inhoudt dat alle fokdieren jaarlijks op hun hart getest moeten worden d.m.v. hartecho op een goedgekeurde screeningslocatie of een afluistering door een internist of cardioloog.<\/p>\n<p>Toch is het heel belangrijk, indien u op zoek gaat naar een pup, dat u vraagt naar gezondheidstesten en of u deze in mag zien. Vertrouwt u het niet of heeft de fokker op het laatste moment allerlei excuses waardoor u geen testen te zien krijgt, kijk dan rustig verder. U doet er verstandig aan beter wat langer te zoeken en uit geteste ouderdieren een pup te kopen. Het geeft je geen 100% garantie, maar je weet in ieder geval dat al het mogelijke gedaan is om een gezonde pup te fokken.<\/p>\n<p>Hieronder een uitleg over het hart en de verschillende methodes hoe men het hart kan laten controleren.<\/p>\n<p><strong>De functie van het Hart<\/strong><\/p>\n<p>Het hart pompt het bloed door het lichaam en op deze wijze krijgen alle delen van het lichaam zuurstof en voedingsstoffen. Het hart bestaat uit een rechter en een linker helft. Rechts is voor de kijker links en andersom.<\/p>\n<p>Het zuurstofrijke bloed (rood) wordt vanuit de linker kamer via de lichaamsslagader (aorta) het lichaam ingepompt. Vanuit het lichaam keert het zuurstofarme bloed (blauw) weer terug naar het hart en komt via de rechter boezem en de kleppen tussen rechter boezem en rechter kamer (tricuspidalis) in de rechter kamer. Vanuit de rechter kamer wordt het zuurstofarme bloed via de longslagader naar de longen gepompt. Daar neemt het bloed weer zuurstof op en komt als zuurstofrijk bloed via de linker boezem en de kleppen tussen de linker boezem en linker kamer (mitralis) in de linker kamer. En zo gaat de bloedsomloop voortdurend rond en voorziet het lichaam steeds weer opnieuw van zuurstof en voedingsstoffen.<\/p>\n<p><img loading=\"lazy\" decoding=\"async\" class=\"aligncenter size-full wp-image-563\" src=\"http:\/\/anexcellentchoice.nl\/wp-content\/uploads\/2013\/10\/hartafwijkingen.jpg\" sizes=\"auto, (max-width: 550px) 100vw, 550px\" srcset=\"http:\/\/anexcellentchoice.nl\/wp-content\/uploads\/2013\/10\/hartafwijkingen.jpg 550w, http:\/\/anexcellentchoice.nl\/wp-content\/uploads\/2013\/10\/hartafwijkingen-300x218.jpg 300w\" alt=\"hartafwijkingen\" width=\"550\" height=\"400\" \/><\/p>\n<p>Onderweg komen vanuit de darm via de lever voedingsstoffen in het bloed om naar het gehele lichaam getransporteerd te worden. Intussen worden de afvalstoffen via lever en nier uitgescheiden met de ontlasting en de urine.<\/p>\n<p><strong>Oorzaken hartklachten<\/strong><\/p>\n<p>Verreweg de meeste hartklachten bij hond en kat, naar schatting 90 \u2013 95%, zijn \u00b4verkregen\u00b4, dat wil zeggen in de loop van het leven ontstaan. Ongeveer 5 \u2013 10% van de hartklachten is aangeboren. En als we niet zorgvuldig genoeg onze fokprogramma\u2019s opstellen en volgen, dan zou het best eens kunnen, dat het aantal hartklachten bij bepaalde rassen zorgwekkend gaat toenemen.<\/p>\n<p>Ongeveer 80% van de hartklachten zijn klepdefecten, 10% wordt veroorzaakt door een cardiomyopathie (hartspierlijden) en 10% door ritmestoornissen, mogelijk ook veroorzaakt door hartspierproblemen.<\/p>\n<p>Omdat er zoveel hartproblemen \u00b4verkregen\u00b4 zijn, is het zeker de moeite waard om onszelf af te vragen of we de problemen kunnen voork\u00f3men.<\/p>\n<p><strong>Voorkomen is beter dan genezen<\/strong><\/p>\n<p>We hebben al aangegeven, dat de meeste \u2018verkregen\u2019 hartafwijkingen de hartspierproblemen en de klepdefecten zijn. Die kunnen veroorzaakt worden door bacteri\u00eble infecties (o.a. vanuit een slecht gebit en een mondslijmvlies ontsteking), virus infecties (o.a. ten gevolge van kennelhoest of parvo), storingen van het immuunsysteem, allergische reacties, giftige stoffen (o.a. via de voeding of medicijnen) e.d.<\/p>\n<p>In veel gevallen is de link tussen oorzaak en gevolg (de hartafwijking) niet duidelijk. Wel duidelijk is, dat we alle ziektes die zouden kunnen bijdragen tot het ontstaan van hartafwijkingen altijd zo grondig mogelijk moeten proberen te genezen. We moeten niet alleen maar met antibiotica en ontstekingsremmers de klachten onderdrukken.<\/p>\n<p>Een ontsteking van de hartkleppen leidt tot vormverandering en daardoor slecht sluiten van de hartkleppen.<br \/>\nEen ontsteking of vergiftiging van de hartspier kan een degeneratie van het hartspierweefsel veroorzaken. Beide leiden tot een verminderde hartfunctie en daardoor een verminderde output van bloed vanuit het hart in de bloedsomloop.<\/p>\n<p>We kunnen regulier het \u00e9\u00e9n en ander ondernemen, zoals bijvoorbeeld het gebit goed onderhouden, voork\u00f3men dat er in de mondholte een grote poel van bacteri\u00ebn zit. Virale infecties voork\u00f3men en vooral ook de weerstand van de pati\u00ebnt verbeteren.<\/p>\n<p><strong>Opsporen van erfelijke aandoeningen<\/strong><\/p>\n<p><strong>Er zijn verschillende methodes voor het opsporen van erfelijke hartaandoeningen:<\/strong><\/p>\n<p>AUSCULTATIE = onderzoek met de stethoscoop<\/p>\n<p>Een grondig klinisch onderzoek dat ook de hartauscultatie omvat is de meest goedkope manier om erfelijke hartaandoeningen op te sporen.<\/p>\n<p>Op sommige uitzonderingen na, gaan de meeste erfelijke aandoeningen gepaard met een bijgeruis.<br \/>\nOok ritmestoornissen kunnen opgespoord worden door middel van auscultatie. Hartauscultatie is de eerste stap in het opsporen van erfelijke aandoeningen en het classificeren van dieren.<\/p>\n<p>Bijgeruisen als gevolg van erfelijke hartaandoeningen zijn echter soms moeilijk te onderscheiden van onschuldige of fysiologische bijgeruisen.<\/p>\n<p>Fysiologische bijgeruisen worden veroorzaakt door de normale bloedvloei in de circulatie, deze komen meestal voor bij jonge, opgroeiende dieren, maar ook bij volwassen dieren van bepaalde rassen.<\/p>\n<p>Ook bij bijv. een moederhond kan tijdens de lactatie een bijgeruis te horen zijn, hier gaat het ook om een tijdelijke onschuldige bijgeruis.<\/p>\n<p>Om dus zekerheid te hebben of een bijgeruis onschuldig is of juist niet, dient men verder onderzoek te doen dmv. echocardiografie. Dat is de enige manier om met zekerheid vast te stellen of er wel of niet een erfelijke hartaandoening aanwezig is.<\/p>\n<p>Voor meer informatie over de gradaties van een hartauscultatie of echocardiografie, verwijs ik u naar de pagina\u00a0<a href=\"http:\/\/anexcellentchoice.nl\/welkom\/gradaties\/\"><strong>Info Gradaties<\/strong>.<\/a><\/p>\n<p><strong>Indien het om een erfelijke aandoening gaat, dan kunnen deze ontstaan door:<\/strong><\/p>\n<p><em>\u2013 Vernauwingen ter hoogte van de kleppen<\/em><br \/>\nHierdoor wordt de bloedvloei belemmerd en neemt de bloedsnelheid toe en wordt deze turbulent.<br \/>\nDit veroorzaakt een bijgeruis (bijv. aorta- of subaortastenose, pulmonalisstenose)<\/p>\n<p><em>\u2013 Lekkende hartkleppen<\/em><br \/>\nWanneer bloed door een slecht sluitende klep lekt, ontstaat turbulentie, welke een bijgeruis veroorzaakt.<br \/>\nDit wordt meestal veroorzaakt door lekken ter hoogte van de mitralis- en tricuspidalisklep<\/p>\n<p><em>\u2013 Shunts<\/em><br \/>\nDoor verschillende \u201cafwijkende verbindingen\u201d of shunts kan bloed door stromen, wat resulteert in turbulentie en een bijgeruis (bijv. ventrikel septum defect, persisterende ductus) Zo\u2019n \u201cgaatje\u201d kan tot een bepaalde leeftijd nog dichtgroeien.<\/p>\n<p><strong>Echocardiografie<\/strong><\/p>\n<p>Deze non-invasieve methode met Doppler metingen is de voorkeursmethode voor het opsporen en bevestigen van erfelijke hartaandoeningen die vermoedt worden na klinisch onderzoek.<\/p>\n<p>Tweedimensionale echocardiografie geeft een anatomisch beeld van het hart en de bloedvaten.<br \/>\nMatige tot ernstige veranderingen kunnen meestal herkend worden op deze tweedimensionale beelden, milde defecten daarentegen zijn moeilijker op te sporen. Door middel van M-mode echocardiografie kunnen de bewegingen in functie van de tijd weergegeven worden, waarbij metingen van diktes en diameters mogelijk zijn. Deze kunnen dan vergeleken worden met referentiewaarden voor het gewicht of het ras. Doppler onderzoeken kunnen de richting en snelheid van de bloedvloei weergeven in het hart en de grote bloedvaten. Afwijkende patronen in de bloedvloei kunnen het beste opgespoord worden met deze kleurendoppler methode. In combinatie met de tweedimensionale beelden en de M-mode kan de ernst van de erfelijke aandoening bepaald worden.<\/p>\n<div id=\"attachment_564\" class=\"wp-caption aligncenter\">\n<p><img loading=\"lazy\" decoding=\"async\" class=\"size-full wp-image-564\" src=\"http:\/\/anexcellentchoice.nl\/wp-content\/uploads\/2013\/10\/hartafwijkingen2.jpg\" sizes=\"auto, (max-width: 550px) 100vw, 550px\" srcset=\"http:\/\/anexcellentchoice.nl\/wp-content\/uploads\/2013\/10\/hartafwijkingen2.jpg 550w, http:\/\/anexcellentchoice.nl\/wp-content\/uploads\/2013\/10\/hartafwijkingen2-300x130.jpg 300w\" alt=\"Overlangse doorsnede van het hart - Bloedvloei over de mitralisklep\" width=\"550\" height=\"240\" aria-describedby=\"caption-attachment-564\" \/><em>Overlangse doorsnede van het hart \u2013 Bloedvloei over de mitralisklep<\/em><\/p>\n<\/div>\n<p>Sommige gevallen van erfelijke hartaandoeningen vallen beneden de \u201cdetectiegrens\u201d van een bepaalde methode. Voor andere gevallen is de diagnose nog niet mogelijk met de huidige technieken en mogelijkheden.<\/p>\n<p>Teneinde de betrouwbaarheid van de testen te vergroten, is het belangrijk dat deze worden uitgevoerd door een ervaren persoon met voldoende ervaring op het vlak van auscultatie en echocardiografie met kleurendoppler. Onderzoeken bij volwassen dieren zijn betrouwbaarder.<\/p>\n<p>&nbsp;<\/p>\n<p>&nbsp;<\/p>\n<\/div>\n","protected":false},"excerpt":{"rendered":"<p>Erkende fokkers dienen zich automatisch te houden aan de uitvoeringregels van de Raad van Beheer, wat inhoudt dat alle fokdieren jaarlijks op hun hart getest moeten worden d.m.v. hartecho op een goedgekeurde screeningslocatie of een afluistering door een internist of cardioloog. Toch is het heel belangrijk, indien u op zoek gaat naar een pup, dat&#8230;<\/p>\n<p class=\"more-link-wrap\"><a href=\"https:\/\/anexcellentchoice.nl\/welkom\/hartafwijkingen\/\" class=\"more-link\">Lees meer<span class=\"screen-reader-text\"> &ldquo;Hartafwijkingen&rdquo;<\/span> &raquo;<\/a><\/p>\n","protected":false},"author":3,"featured_media":0,"parent":0,"menu_order":0,"comment_status":"closed","ping_status":"closed","template":"","meta":{"footnotes":""},"class_list":["post-4359","page","type-page","status-publish","hentry"],"yoast_head":"<!-- This site is optimized with the Yoast SEO plugin v26.8 - https:\/\/yoast.com\/product\/yoast-seo-wordpress\/ -->\n<title>Hartafwijkingen - An Excellent Choice<\/title>\n<meta name=\"robots\" content=\"index, follow, max-snippet:-1, max-image-preview:large, max-video-preview:-1\" \/>\n<link rel=\"canonical\" href=\"https:\/\/anexcellentchoice.nl\/welkom\/hartafwijkingen\/\" \/>\n<meta property=\"og:locale\" content=\"nl_NL\" \/>\n<meta property=\"og:type\" content=\"article\" \/>\n<meta property=\"og:title\" content=\"Hartafwijkingen - An Excellent Choice\" \/>\n<meta property=\"og:description\" content=\"Erkende fokkers dienen zich automatisch te houden aan de uitvoeringregels van de Raad van Beheer, wat inhoudt dat alle fokdieren jaarlijks op hun hart getest moeten worden d.m.v. hartecho op een goedgekeurde screeningslocatie of een afluistering door een internist of cardioloog. Toch is het heel belangrijk, indien u op zoek gaat naar een pup, dat...Lees meer &ldquo;Hartafwijkingen&rdquo; &raquo;\" \/>\n<meta property=\"og:url\" content=\"https:\/\/anexcellentchoice.nl\/welkom\/hartafwijkingen\/\" \/>\n<meta property=\"og:site_name\" content=\"An Excellent Choice\" \/>\n<meta property=\"article:modified_time\" content=\"2023-01-29T20:04:57+00:00\" \/>\n<meta property=\"og:image\" content=\"http:\/\/anexcellentchoice.nl\/wp-content\/uploads\/2013\/10\/hartafwijkingen.jpg\" \/>\n<meta name=\"twitter:card\" content=\"summary_large_image\" \/>\n<meta name=\"twitter:label1\" content=\"Geschatte leestijd\" \/>\n\t<meta name=\"twitter:data1\" content=\"7 minuten\" \/>\n<script type=\"application\/ld+json\" class=\"yoast-schema-graph\">{\"@context\":\"https:\/\/schema.org\",\"@graph\":[{\"@type\":\"WebPage\",\"@id\":\"https:\/\/anexcellentchoice.nl\/welkom\/hartafwijkingen\/\",\"url\":\"https:\/\/anexcellentchoice.nl\/welkom\/hartafwijkingen\/\",\"name\":\"Hartafwijkingen - An Excellent Choice\",\"isPartOf\":{\"@id\":\"https:\/\/anexcellentchoice.nl\/welkom\/#website\"},\"primaryImageOfPage\":{\"@id\":\"https:\/\/anexcellentchoice.nl\/welkom\/hartafwijkingen\/#primaryimage\"},\"image\":{\"@id\":\"https:\/\/anexcellentchoice.nl\/welkom\/hartafwijkingen\/#primaryimage\"},\"thumbnailUrl\":\"http:\/\/anexcellentchoice.nl\/wp-content\/uploads\/2013\/10\/hartafwijkingen.jpg\",\"datePublished\":\"2023-01-24T20:55:08+00:00\",\"dateModified\":\"2023-01-29T20:04:57+00:00\",\"breadcrumb\":{\"@id\":\"https:\/\/anexcellentchoice.nl\/welkom\/hartafwijkingen\/#breadcrumb\"},\"inLanguage\":\"nl-NL\",\"potentialAction\":[{\"@type\":\"ReadAction\",\"target\":[\"https:\/\/anexcellentchoice.nl\/welkom\/hartafwijkingen\/\"]}]},{\"@type\":\"ImageObject\",\"inLanguage\":\"nl-NL\",\"@id\":\"https:\/\/anexcellentchoice.nl\/welkom\/hartafwijkingen\/#primaryimage\",\"url\":\"http:\/\/anexcellentchoice.nl\/wp-content\/uploads\/2013\/10\/hartafwijkingen.jpg\",\"contentUrl\":\"http:\/\/anexcellentchoice.nl\/wp-content\/uploads\/2013\/10\/hartafwijkingen.jpg\"},{\"@type\":\"BreadcrumbList\",\"@id\":\"https:\/\/anexcellentchoice.nl\/welkom\/hartafwijkingen\/#breadcrumb\",\"itemListElement\":[{\"@type\":\"ListItem\",\"position\":1,\"name\":\"Home\",\"item\":\"https:\/\/anexcellentchoice.nl\/welkom\/\"},{\"@type\":\"ListItem\",\"position\":2,\"name\":\"Hartafwijkingen\"}]},{\"@type\":\"WebSite\",\"@id\":\"https:\/\/anexcellentchoice.nl\/welkom\/#website\",\"url\":\"https:\/\/anexcellentchoice.nl\/welkom\/\",\"name\":\"An Excellent Choice\",\"description\":\"Fokker van de Cavelier King Charles Spaniel\",\"potentialAction\":[{\"@type\":\"SearchAction\",\"target\":{\"@type\":\"EntryPoint\",\"urlTemplate\":\"https:\/\/anexcellentchoice.nl\/welkom\/?s={search_term_string}\"},\"query-input\":{\"@type\":\"PropertyValueSpecification\",\"valueRequired\":true,\"valueName\":\"search_term_string\"}}],\"inLanguage\":\"nl-NL\"}]}<\/script>\n<!-- \/ Yoast SEO plugin. -->","yoast_head_json":{"title":"Hartafwijkingen - An Excellent Choice","robots":{"index":"index","follow":"follow","max-snippet":"max-snippet:-1","max-image-preview":"max-image-preview:large","max-video-preview":"max-video-preview:-1"},"canonical":"https:\/\/anexcellentchoice.nl\/welkom\/hartafwijkingen\/","og_locale":"nl_NL","og_type":"article","og_title":"Hartafwijkingen - An Excellent Choice","og_description":"Erkende fokkers dienen zich automatisch te houden aan de uitvoeringregels van de Raad van Beheer, wat inhoudt dat alle fokdieren jaarlijks op hun hart getest moeten worden d.m.v. hartecho op een goedgekeurde screeningslocatie of een afluistering door een internist of cardioloog. Toch is het heel belangrijk, indien u op zoek gaat naar een pup, dat...Lees meer &ldquo;Hartafwijkingen&rdquo; &raquo;","og_url":"https:\/\/anexcellentchoice.nl\/welkom\/hartafwijkingen\/","og_site_name":"An Excellent Choice","article_modified_time":"2023-01-29T20:04:57+00:00","og_image":[{"url":"http:\/\/anexcellentchoice.nl\/wp-content\/uploads\/2013\/10\/hartafwijkingen.jpg","type":"","width":"","height":""}],"twitter_card":"summary_large_image","twitter_misc":{"Geschatte leestijd":"7 minuten"},"schema":{"@context":"https:\/\/schema.org","@graph":[{"@type":"WebPage","@id":"https:\/\/anexcellentchoice.nl\/welkom\/hartafwijkingen\/","url":"https:\/\/anexcellentchoice.nl\/welkom\/hartafwijkingen\/","name":"Hartafwijkingen - An Excellent Choice","isPartOf":{"@id":"https:\/\/anexcellentchoice.nl\/welkom\/#website"},"primaryImageOfPage":{"@id":"https:\/\/anexcellentchoice.nl\/welkom\/hartafwijkingen\/#primaryimage"},"image":{"@id":"https:\/\/anexcellentchoice.nl\/welkom\/hartafwijkingen\/#primaryimage"},"thumbnailUrl":"http:\/\/anexcellentchoice.nl\/wp-content\/uploads\/2013\/10\/hartafwijkingen.jpg","datePublished":"2023-01-24T20:55:08+00:00","dateModified":"2023-01-29T20:04:57+00:00","breadcrumb":{"@id":"https:\/\/anexcellentchoice.nl\/welkom\/hartafwijkingen\/#breadcrumb"},"inLanguage":"nl-NL","potentialAction":[{"@type":"ReadAction","target":["https:\/\/anexcellentchoice.nl\/welkom\/hartafwijkingen\/"]}]},{"@type":"ImageObject","inLanguage":"nl-NL","@id":"https:\/\/anexcellentchoice.nl\/welkom\/hartafwijkingen\/#primaryimage","url":"http:\/\/anexcellentchoice.nl\/wp-content\/uploads\/2013\/10\/hartafwijkingen.jpg","contentUrl":"http:\/\/anexcellentchoice.nl\/wp-content\/uploads\/2013\/10\/hartafwijkingen.jpg"},{"@type":"BreadcrumbList","@id":"https:\/\/anexcellentchoice.nl\/welkom\/hartafwijkingen\/#breadcrumb","itemListElement":[{"@type":"ListItem","position":1,"name":"Home","item":"https:\/\/anexcellentchoice.nl\/welkom\/"},{"@type":"ListItem","position":2,"name":"Hartafwijkingen"}]},{"@type":"WebSite","@id":"https:\/\/anexcellentchoice.nl\/welkom\/#website","url":"https:\/\/anexcellentchoice.nl\/welkom\/","name":"An Excellent Choice","description":"Fokker van de Cavelier King Charles Spaniel","potentialAction":[{"@type":"SearchAction","target":{"@type":"EntryPoint","urlTemplate":"https:\/\/anexcellentchoice.nl\/welkom\/?s={search_term_string}"},"query-input":{"@type":"PropertyValueSpecification","valueRequired":true,"valueName":"search_term_string"}}],"inLanguage":"nl-NL"}]}},"_links":{"self":[{"href":"https:\/\/anexcellentchoice.nl\/welkom\/wp-json\/wp\/v2\/pages\/4359","targetHints":{"allow":["GET"]}}],"collection":[{"href":"https:\/\/anexcellentchoice.nl\/welkom\/wp-json\/wp\/v2\/pages"}],"about":[{"href":"https:\/\/anexcellentchoice.nl\/welkom\/wp-json\/wp\/v2\/types\/page"}],"author":[{"embeddable":true,"href":"https:\/\/anexcellentchoice.nl\/welkom\/wp-json\/wp\/v2\/users\/3"}],"replies":[{"embeddable":true,"href":"https:\/\/anexcellentchoice.nl\/welkom\/wp-json\/wp\/v2\/comments?post=4359"}],"version-history":[{"count":4,"href":"https:\/\/anexcellentchoice.nl\/welkom\/wp-json\/wp\/v2\/pages\/4359\/revisions"}],"predecessor-version":[{"id":4417,"href":"https:\/\/anexcellentchoice.nl\/welkom\/wp-json\/wp\/v2\/pages\/4359\/revisions\/4417"}],"wp:attachment":[{"href":"https:\/\/anexcellentchoice.nl\/welkom\/wp-json\/wp\/v2\/media?parent=4359"}],"curies":[{"name":"wp","href":"https:\/\/api.w.org\/{rel}","templated":true}]}}